{"id":25037,"date":"2021-10-06T09:31:19","date_gmt":"2021-10-06T07:31:19","guid":{"rendered":"https:\/\/demo.fotohof.at\/shop\/uncategorized\/memoires-1983\/"},"modified":"2023-10-20T16:11:16","modified_gmt":"2023-10-20T14:11:16","slug":"memoires-1983","status":"publish","type":"product","link":"https:\/\/fotohof.at\/en\/shop\/publications\/memoires-1983\/","title":{"rendered":"M\u00e9moires 1983"},"content":{"rendered":"<p>\u00bbM\u00e9moires 1983\u00ab er\u00f6ffnet die Tagebuchaufzeichnungen von Christine Furuya- G\u00f6ssler aus dem Jahr 1983 im Kontext von 390 Fotografien von Seiichi Furuya aus dem gleichen Jahr. Die Bilder \u2013 Portraits, St\u00e4dtebilder aus Wien und Graz, Landschaften und Stillleben \u2013 sind intime Zeugnisse der Beziehung des Fotografen zu seiner Frau und dem gemeinsamen Sohn. Sie lassen \u00fcber die pers\u00f6nliche Geschichte hinaus aber auch die Zeit der fr\u00fchen 80er Jahre sp\u00fcrbar werden. \u00bbSeit dem Jahr 1989 habe ich sechs Fotob\u00e4nde zusammengestellt. Stets dachte ich dabei an meine im Oktober 1985 in Ostberlin verstorbene Frau Christine. Ich konnte mich mit der simplen Erkl\u00e4rung, dass eine psychische Erkrankung sie zum Selbstmord gef\u00fchrt hat, einfach nicht abfinden; \u203aIrgendetwas\u2039 lie\u00df mich nicht los. (\u2026) Immer, wenn ich mich meinen Erinnerungen hingab, landete ich im Jahr 1983, dem Jahr, das in mir noch immer ein Chaos ausl\u00f6st. (\u2026)\u00ab<\/p>\n<p><strong>Seiichi Furuya,<\/strong> *1950 in Izu, Japan; lebt seit 1973 als freischaffender Fotograf \u00fcberwiegend in \u00d6sterreich und seit 1987 in Graz, \u00d6sterreich.<\/p>\n","protected":false},"excerpt":{"rendered":"<p>\u00bbM\u00e9moires 1983\u00ab er\u00f6ffnet die Tagebuchaufzeichnungen von Christine Furuya- G\u00f6ssler aus dem Jahr 1983 im Kontext von 390 Fotografien von Seiichi Furuya aus dem gleichen Jahr. Die Bilder \u2013 Portraits, St\u00e4dtebilder aus Wien und Graz, Landschaften und Stillleben \u2013 sind intime Zeugnisse der Beziehung des Fotografen zu seiner Frau und dem gemeinsamen Sohn. Sie lassen \u00fcber [&hellip;]<\/p>\n","protected":false},"featured_media":21108,"template":"","meta":{"_acf_changed":false,"_seopress_robots_primary_cat":"none","_seopress_titles_title":"","_seopress_titles_desc":"","_seopress_robots_index":""},"woo_buch_design":[],"woo_buch_herausgeber":[898,276,899],"woo_buch_text":[733,734],"woo_workshopleitung":[],"product_brand":[],"product_cat":[1872],"product_tag":[],"class_list":{"0":"post-25037","1":"product","2":"type-product","3":"status-publish","4":"has-post-thumbnail","6":"woo_buch_herausgeber-akaaka-art-publishing","7":"woo_buch_herausgeber-akaaka-art-publishing-kyoto-coeditor","8":"woo_buch_herausgeber-kyoto-coeditor","9":"woo_buch_text-christine-furuya-goessler","10":"woo_buch_text-seiichi-furuya","11":"product_cat-publications","13":"first","14":"instock","15":"taxable","16":"shipping-taxable","17":"purchasable","18":"product-type-simple"},"acf":[],"_links":{"self":[{"href":"https:\/\/fotohof.at\/en\/wp-json\/wp\/v2\/product\/25037","targetHints":{"allow":["GET"]}}],"collection":[{"href":"https:\/\/fotohof.at\/en\/wp-json\/wp\/v2\/product"}],"about":[{"href":"https:\/\/fotohof.at\/en\/wp-json\/wp\/v2\/types\/product"}],"wp:featuredmedia":[{"embeddable":true,"href":"https:\/\/fotohof.at\/en\/wp-json\/wp\/v2\/media\/21108"}],"wp:attachment":[{"href":"https:\/\/fotohof.at\/en\/wp-json\/wp\/v2\/media?parent=25037"}],"wp:term":[{"taxonomy":"woo_buch_design","embeddable":true,"href":"https:\/\/fotohof.at\/en\/wp-json\/wp\/v2\/woo_buch_design?post=25037"},{"taxonomy":"woo_buch_herausgeber","embeddable":true,"href":"https:\/\/fotohof.at\/en\/wp-json\/wp\/v2\/woo_buch_herausgeber?post=25037"},{"taxonomy":"woo_buch_text","embeddable":true,"href":"https:\/\/fotohof.at\/en\/wp-json\/wp\/v2\/woo_buch_text?post=25037"},{"taxonomy":"woo_workshopleitung","embeddable":true,"href":"https:\/\/fotohof.at\/en\/wp-json\/wp\/v2\/woo_workshopleitung?post=25037"},{"taxonomy":"product_brand","embeddable":true,"href":"https:\/\/fotohof.at\/en\/wp-json\/wp\/v2\/product_brand?post=25037"},{"taxonomy":"product_cat","embeddable":true,"href":"https:\/\/fotohof.at\/en\/wp-json\/wp\/v2\/product_cat?post=25037"},{"taxonomy":"product_tag","embeddable":true,"href":"https:\/\/fotohof.at\/en\/wp-json\/wp\/v2\/product_tag?post=25037"}],"curies":[{"name":"wp","href":"https:\/\/api.w.org\/{rel}","templated":true}]}}